{"id":534,"date":"2026-04-14T16:25:14","date_gmt":"2026-04-14T14:25:14","guid":{"rendered":"https:\/\/hawkeyepod.de\/?page_id=534"},"modified":"2026-04-18T11:26:59","modified_gmt":"2026-04-18T09:26:59","slug":"podcast","status":"publish","type":"page","link":"https:\/\/hawkeyepod.de\/?page_id=534","title":{"rendered":"Podcast"},"content":{"rendered":"\n<div class=\"wp-block-media-text alignfull is-stacked-on-mobile is-vertically-aligned-center\"><figure class=\"wp-block-media-text__media\"><img loading=\"lazy\" decoding=\"async\" width=\"1024\" height=\"1024\" src=\"https:\/\/hawkeyepod.de\/wp-content\/uploads\/2026\/04\/h3_profile_c_small-1024x1024.jpg\" alt=\"\" class=\"wp-image-657 size-full\" srcset=\"https:\/\/hawkeyepod.de\/wp-content\/uploads\/2026\/04\/h3_profile_c_small-1024x1024.jpg 1024w, https:\/\/hawkeyepod.de\/wp-content\/uploads\/2026\/04\/h3_profile_c_small-300x300.jpg 300w, https:\/\/hawkeyepod.de\/wp-content\/uploads\/2026\/04\/h3_profile_c_small-150x150.jpg 150w, https:\/\/hawkeyepod.de\/wp-content\/uploads\/2026\/04\/h3_profile_c_small-768x768.jpg 768w, https:\/\/hawkeyepod.de\/wp-content\/uploads\/2026\/04\/h3_profile_c_small-185x185.jpg 185w, https:\/\/hawkeyepod.de\/wp-content\/uploads\/2026\/04\/h3_profile_c_small-370x370.jpg 370w, https:\/\/hawkeyepod.de\/wp-content\/uploads\/2026\/04\/h3_profile_c_small-542x542.jpg 542w, https:\/\/hawkeyepod.de\/wp-content\/uploads\/2026\/04\/h3_profile_c_small-1084x1084.jpg 1084w, https:\/\/hawkeyepod.de\/wp-content\/uploads\/2026\/04\/h3_profile_c_small-792x792.jpg 792w, https:\/\/hawkeyepod.de\/wp-content\/uploads\/2026\/04\/h3_profile_c_small.jpg 1200w\" sizes=\"auto, (max-width: 1024px) 100vw, 1024px\" \/><\/figure><div class=\"wp-block-media-text__content\">\n<h2 class=\"wp-block-heading\">Unabh\u00e4ngig und unbequem, z\u00e4rtlich zynisch, f\u00fcr alle, die ohne Sport nicht k\u00f6nnen.<\/h2>\n\n\n\n<p class=\"has-text-align-left\">Aktiensturz bei Nike, Korruption bei der FIFA und was bringen Olympische Spiele wirklich. Im <strong>Hawkeye Sport Podcast<\/strong> sezieren Jan Kratochvil &amp; Tilmann Gebhardt, unterst\u00fctzt von Pascal aus dem Off, jeden Mittwoch die Sportwelt mit Fachwissen, Pr\u00e4zision und verl\u00e4sslicher \u00dcberheblichkeit.<\/p>\n\n\n\n<div class=\"wp-block-buttons is-layout-flex wp-block-buttons-is-layout-flex\">\n<div class=\"wp-block-button is-style-fill\"><a class=\"wp-block-button__link wp-element-button\" href=\"https:\/\/open.spotify.com\/show\/75vfIraoWe94cpobE7Oxxg?si=uiJGHC1AQIecSsoY7WgXoA&amp;nd=1&amp;dlsi=c7b5a52337eb42c0\">Spotify<\/a><\/div>\n\n\n\n<div class=\"wp-block-button is-style-fill\"><a class=\"wp-block-button__link wp-element-button\" href=\"https:\/\/podcasts.apple.com\/be\/podcast\/hawkeye-der-sport-podcast\/id1870671554?l=nl\">Apple<\/a><\/div>\n\n\n\n<div class=\"wp-block-button is-style-fill\"><a class=\"wp-block-button__link wp-element-button\" href=\"https:\/\/www.youtube.com\/watch?v=yf1x8dfnGSc&amp;list=PLEQRTVG0adZz0oJaCaYMCvYAth6DVU7_y\">YouTube<\/a><\/div>\n\n\n\n<div class=\"wp-block-button is-style-fill\"><a class=\"wp-block-button__link wp-element-button\" href=\"https:\/\/music.amazon.com\/podcasts\/081c0e89-47a6-4656-82de-f1851f4e144a\/hawkeye---der-sport-podcast\">Amazon<\/a><\/div>\n<\/div>\n<\/div><\/div>\n\n\n\n<div style=\"height:50px\" aria-hidden=\"true\" class=\"wp-block-spacer\"><\/div>\n\n\n\n\n\n\n\n<div class=\"wp-block-media-text alignfull is-stacked-on-mobile is-vertically-aligned-center\"><figure class=\"wp-block-media-text__media\"><img loading=\"lazy\" decoding=\"async\" width=\"1024\" height=\"1024\" src=\"https:\/\/hawkeyepod.de\/wp-content\/uploads\/2026\/04\/KP-Cover-26-small-1024x1024.jpg\" alt=\"\" class=\"wp-image-668 size-full\" srcset=\"https:\/\/hawkeyepod.de\/wp-content\/uploads\/2026\/04\/KP-Cover-26-small-1024x1024.jpg 1024w, https:\/\/hawkeyepod.de\/wp-content\/uploads\/2026\/04\/KP-Cover-26-small-300x300.jpg 300w, https:\/\/hawkeyepod.de\/wp-content\/uploads\/2026\/04\/KP-Cover-26-small-150x150.jpg 150w, https:\/\/hawkeyepod.de\/wp-content\/uploads\/2026\/04\/KP-Cover-26-small-768x768.jpg 768w, https:\/\/hawkeyepod.de\/wp-content\/uploads\/2026\/04\/KP-Cover-26-small-185x185.jpg 185w, https:\/\/hawkeyepod.de\/wp-content\/uploads\/2026\/04\/KP-Cover-26-small-370x370.jpg 370w, https:\/\/hawkeyepod.de\/wp-content\/uploads\/2026\/04\/KP-Cover-26-small-542x542.jpg 542w, https:\/\/hawkeyepod.de\/wp-content\/uploads\/2026\/04\/KP-Cover-26-small-1084x1084.jpg 1084w, https:\/\/hawkeyepod.de\/wp-content\/uploads\/2026\/04\/KP-Cover-26-small-792x792.jpg 792w, https:\/\/hawkeyepod.de\/wp-content\/uploads\/2026\/04\/KP-Cover-26-small.jpg 1200w\" sizes=\"auto, (max-width: 1024px) 100vw, 1024px\" \/><\/figure><div class=\"wp-block-media-text__content\">\n<h2 class=\"wp-block-heading has-text-align-left has-text-color\" style=\"color:#000000\">Klitsch, klatsch. Auch junge Sportarten brauchen was auf die Ohren.<\/h2>\n\n\n\n<p class=\"has-text-align-left\">Die Trendsportart Floorball steckt in der Pubert\u00e4t, mit allem, was dazugeh\u00f6rt: Hoffnung, Energie, Lust, aber auch Pickel, Verwirrung und Wachstumsschmerzen. Im <strong>Konterpass<\/strong> Podcast kommentieren Jan Kratochvil &amp; Tilmann Gebhardt, zwei Schlachtrosse der Disziplin, alles was die Szene bewegt &#8211; unterst\u00fctzt von Producer Pascal Riedel.<\/p>\n\n\n\n<div class=\"wp-block-buttons is-layout-flex wp-block-buttons-is-layout-flex\">\n<div class=\"wp-block-button is-style-fill\"><a class=\"wp-block-button__link wp-element-button\" href=\"https:\/\/open.spotify.com\/show\/7adZw7Y9kMBaYzlK1DHwz1?si=94d62f692fd44683\">Spotify<\/a><\/div>\n\n\n\n<div class=\"wp-block-button is-style-fill\"><a class=\"wp-block-button__link wp-element-button\" href=\"https:\/\/podcasts.apple.com\/de\/podcast\/konterpass-der-floorball-podcast\/id1504319533\">Apple<\/a><\/div>\n\n\n\n<div class=\"wp-block-button is-style-fill\"><a class=\"wp-block-button__link wp-element-button\" href=\"https:\/\/music.amazon.de\/podcasts\/c9bc366f-21e8-43e1-bd77-d1c6fd8e5e23\/konterpass---der-floorball-podcast\">Amazon<\/a><\/div>\n<\/div>\n<\/div><\/div>\n\n\n","protected":false},"excerpt":{"rendered":"","protected":false},"author":1,"featured_media":0,"parent":0,"menu_order":0,"comment_status":"closed","ping_status":"closed","template":"","meta":{"iawp_total_views":9,"csco_display_header_overlay":false,"csco_singular_sidebar":"disabled","csco_page_header_type":"none","csco_page_load_nextpost":"","csco_page_reading_time":"","csco_page_toc_navigation":"","csco_post_video_location":[],"csco_post_video_location_hash":"","csco_post_video_url":"","csco_post_video_bg_start_time":0,"csco_post_video_bg_end_time":0,"csco_post_video_bg_volume":false,"footnotes":""},"class_list":{"0":"post-534","1":"page","2":"type-page","3":"status-publish","5":"cs-entry","6":"cs-video-wrap"},"_links":{"self":[{"href":"https:\/\/hawkeyepod.de\/index.php?rest_route=\/wp\/v2\/pages\/534","targetHints":{"allow":["GET"]}}],"collection":[{"href":"https:\/\/hawkeyepod.de\/index.php?rest_route=\/wp\/v2\/pages"}],"about":[{"href":"https:\/\/hawkeyepod.de\/index.php?rest_route=\/wp\/v2\/types\/page"}],"author":[{"embeddable":true,"href":"https:\/\/hawkeyepod.de\/index.php?rest_route=\/wp\/v2\/users\/1"}],"replies":[{"embeddable":true,"href":"https:\/\/hawkeyepod.de\/index.php?rest_route=%2Fwp%2Fv2%2Fcomments&post=534"}],"version-history":[{"count":20,"href":"https:\/\/hawkeyepod.de\/index.php?rest_route=\/wp\/v2\/pages\/534\/revisions"}],"predecessor-version":[{"id":692,"href":"https:\/\/hawkeyepod.de\/index.php?rest_route=\/wp\/v2\/pages\/534\/revisions\/692"}],"wp:attachment":[{"href":"https:\/\/hawkeyepod.de\/index.php?rest_route=%2Fwp%2Fv2%2Fmedia&parent=534"}],"curies":[{"name":"wp","href":"https:\/\/api.w.org\/{rel}","templated":true}]}}